{"id":715,"date":"2016-03-08T02:09:54","date_gmt":"2016-03-08T02:09:54","guid":{"rendered":"http:\/\/villaserena.com\/vacationrentals\/?page_id=715"},"modified":"2016-03-08T04:27:14","modified_gmt":"2016-03-08T04:27:14","slug":"testimonials","status":"publish","type":"page","link":"https:\/\/villaserena.com\/vacationrentals\/?page_id=715&lang=de","title":{"rendered":"G\u00e4stebuch"},"content":{"rendered":"\r\n\t <div class=\"wptww-testimonials-list design-4 wptww-clearfix \">\r\n\t\t<div class=\"wptww-quote wp-medium-4 wpcolumns wptww-first\">\r\n\t<div class=\"wptww-testimonial-inner \">\r\n\t\t\t\t\t<div class=\"wptww-testimonial_avatar\">\r\n\t\t\t\t<div class=\"wptww-avtar-image\"><img loading=\"lazy\" decoding=\"async\" width=\"100\" height=\"82\" src=\"https:\/\/www.villaserena.com\/vacationrentals\/wp-content\/uploads\/2016\/03\/IMG_0044-1-220x180.jpg\" class=\"wptww-circle wp-post-image\" alt=\"\" \/><\/div>\r\n\t\t\t<\/div>\r\n\t\t\t\t<div class=\"wptww-testimonial-author\">\r\n\t\t\t\t\t\t\t<div class=\"wptww-testimonial-client\">\r\n\t\t\t\t\tClara Jean Howard\t\t\t\t<\/div>\r\n\t\t\t\t\t<\/div>\r\n\r\n\t\t<div class=\"wptww-testimonial-content\">\r\n\t\t\t<h4>Unser Familien-Urlaub war ausgezeichnet&#8230;<\/h4>\r\n\t\t\t<div class=\"wptww-testimonials-text\">\r\n\t\t\t\t<p>\r\n\t\t\t\t <em> ...vor allem wegen der sch\u00f6nen Umgebung, dem Ort und der Hoteldienstleistungen. Vielen Dank an Sie und alle Ihre Mitarbeiter, die unsere Aktivit\u00e4ten und Feste organisiert haben. Wir senden Ihnen Bilder von ein paar der Yoga-Stunden - wir sind begeistert davon gewesen, dass wir unsere Yoga-Stunden zu einer Mehr-Generations-Sitzung gestalten konnten, indem wir untereinander\u00a0getauscht haben. Es war ein fantastischer Urlaub! Noch einmal, Danke f\u00fcr alles! <\/em> \t\t\t\t<\/p>\r\n\t\t\t<\/div>\r\n\t\t<\/div>\r\n\t<\/div>\r\n<\/div><div class=\"wptww-quote wp-medium-4 wpcolumns\">\r\n\t<div class=\"wptww-testimonial-inner \">\r\n\t\t\t\t\t<div class=\"wptww-testimonial_avatar\">\r\n\t\t\t\t<div class=\"wptww-avtar-image\"><img loading=\"lazy\" decoding=\"async\" width=\"100\" height=\"82\" src=\"https:\/\/www.villaserena.com\/vacationrentals\/wp-content\/uploads\/2016\/03\/IMG_7403-220x180.jpg\" class=\"wptww-circle wp-post-image\" alt=\"\" \/><\/div>\r\n\t\t\t<\/div>\r\n\t\t\t\t<div class=\"wptww-testimonial-author\">\r\n\t\t\t\t\t\t\t<div class=\"wptww-testimonial-client\">\r\n\t\t\t\t\tKen Nelson &amp; Lesli Lang, Lenox, MA\t\t\t\t<\/div>\r\n\t\t\t\t\t<\/div>\r\n\r\n\t\t<div class=\"wptww-testimonial-content\">\r\n\t\t\t<h4>We discovered another beautiful place on earth&#8230;.<\/h4>\r\n\t\t\t<div class=\"wptww-testimonials-text\">\r\n\t\t\t\t<p>\r\n\t\t\t\t <em> <i>Villa Serena in Samana' Dominican Republic--We discovered another beautiful place on earth....the quiet side of the island and little known. Our retreat was sweet! And we got great support from Villa Serena staff. With sun, sand, swim , kayak, yoga and qigong, chanting, hiking, good food and great people to share it with....We're going back Jan 14-21, 2017. Join us!<\/i> <\/em> \t\t\t\t<\/p>\r\n\t\t\t<\/div>\r\n\t\t<\/div>\r\n\t<\/div>\r\n<\/div><div class=\"wptww-quote wp-medium-4 wpcolumns wptww-last\">\r\n\t<div class=\"wptww-testimonial-inner \">\r\n\t\t\t\t\t<div class=\"wptww-testimonial_avatar\">\r\n\t\t\t\t<div class=\"wptww-avtar-image\"><img loading=\"lazy\" decoding=\"async\" width=\"100\" height=\"82\" src=\"https:\/\/www.villaserena.com\/vacationrentals\/wp-content\/uploads\/2016\/03\/IMG_5631-220x180.jpg\" class=\"wptww-circle wp-post-image\" alt=\"\" \/><\/div>\r\n\t\t\t<\/div>\r\n\t\t\t\t<div class=\"wptww-testimonial-author\">\r\n\t\t\t\t\t\t\t<div class=\"wptww-testimonial-client\">\r\n\t\t\t\t\tMichael Fisher\t\t\t\t<\/div>\r\n\t\t\t\t\t<\/div>\r\n\r\n\t\t<div class=\"wptww-testimonial-content\">\r\n\t\t\t<h4>Villa Natasha war unglaublich! Das Haus war perfekt &#8211; mehr als perfekt<\/h4>\r\n\t\t\t<div class=\"wptww-testimonials-text\">\r\n\t\t\t\t<p>\r\n\t\t\t\t <em> Villa Natasha war unglaublich! Das Haus war perfekt - mehr als perfekt. Wir waren f\u00fcr drei Wochen da und w\u00fcnschten das wir ein ganzes Jahr da seien k\u00f6nnten! Die Zimmer waren unglaublich komfortabel + die Aussicht war atemberaubend. Das Personal war sehr nett und sorgte daf\u00fcr, dass wir alles, was wir brauchten, hatten.Es war toll die Privatsph\u00e4re und den Komfort des Hauses zu genie\u00dfen und trotzdem in der Lage zu sein, die Annehmlichkeiten des Hotels zu nutzen.. Die Kinder schwammen jeden Tag im Pool, + das Restaurant war super. Dies war der beste Urlaub, den wir bisher hatten und wir werden auf jeden Fall zur\u00fcckkommen. <\/em> \t\t\t\t<\/p>\r\n\t\t\t<\/div>\r\n\t\t<\/div>\r\n\t<\/div>\r\n<\/div>\t<\/div>\r\n\t\n","protected":false},"excerpt":{"rendered":"","protected":false},"author":1,"featured_media":0,"parent":0,"menu_order":0,"comment_status":"closed","ping_status":"closed","template":"","meta":{"footnotes":""},"class_list":["post-715","page","type-page","status-publish","hentry"],"_links":{"self":[{"href":"https:\/\/villaserena.com\/vacationrentals\/index.php?rest_route=\/wp\/v2\/pages\/715","targetHints":{"allow":["GET"]}}],"collection":[{"href":"https:\/\/villaserena.com\/vacationrentals\/index.php?rest_route=\/wp\/v2\/pages"}],"about":[{"href":"https:\/\/villaserena.com\/vacationrentals\/index.php?rest_route=\/wp\/v2\/types\/page"}],"author":[{"embeddable":true,"href":"https:\/\/villaserena.com\/vacationrentals\/index.php?rest_route=\/wp\/v2\/users\/1"}],"replies":[{"embeddable":true,"href":"https:\/\/villaserena.com\/vacationrentals\/index.php?rest_route=%2Fwp%2Fv2%2Fcomments&post=715"}],"version-history":[{"count":7,"href":"https:\/\/villaserena.com\/vacationrentals\/index.php?rest_route=\/wp\/v2\/pages\/715\/revisions"}],"predecessor-version":[{"id":723,"href":"https:\/\/villaserena.com\/vacationrentals\/index.php?rest_route=\/wp\/v2\/pages\/715\/revisions\/723"}],"wp:attachment":[{"href":"https:\/\/villaserena.com\/vacationrentals\/index.php?rest_route=%2Fwp%2Fv2%2Fmedia&parent=715"}],"curies":[{"name":"wp","href":"https:\/\/api.w.org\/{rel}","templated":true}]}}