{"id":2,"date":"2014-03-20T05:29:11","date_gmt":"2014-03-20T05:29:11","guid":{"rendered":"http:\/\/villaserena.com\/vacationrentals\/?page_id=2"},"modified":"2015-01-16T03:14:08","modified_gmt":"2015-01-16T03:14:08","slug":"house-description","status":"publish","type":"page","link":"https:\/\/villaserena.com\/vacationrentals\/?page_id=2&lang=es","title":{"rendered":"Descripci\u00f3n de la casa"},"content":{"rendered":"<p><\/p>\n<p><span class=\"emphasis\">\u00bfEst\u00e1 buscando una casa elegante, amplia y acogedora frente al mar, con jardines tropicales, en medio de una naturaleza virgen? \u00a1Acaba de encontrarla!<\/span><\/p>\n<p>Villa Natasha se encuentra en la misma orilla de la maravillosa <a href=\"http:\/\/villaserena.com\/vacationrentals\/es\/house-description\/wp-content\/uploads\/2014\/04\/map_rincon-bay.jpg\">Bah\u00eda de Rinc\u00f3n<\/a>, en la pen\u00ednsula de <a href=\"http:\/\/villaserena.com\/vacationrentals\/es\/house-description\/wp-content\/uploads\/2014\/04\/map_samana.jpg\">Saman\u00e1<\/a> &#8211; el secreto mejor guardado entre los paisajes m\u00e1s bellos de la Rep\u00fablica Dominicana.<\/p>\n<p><a href=\"http:\/\/villaserena.com\/vacationrentals\/wp-content\/uploads\/2014\/04\/VN53.jpg\"><img loading=\"lazy\" decoding=\"async\" class=\"img_right alignnone wp-image-552 size-medium\" src=\"http:\/\/villaserena.com\/vacationrentals\/wp-content\/uploads\/2014\/04\/VN53-300x200.jpg\" alt=\"VN53\" width=\"300\" height=\"200\" srcset=\"https:\/\/www.villaserena.com\/vacationrentals\/wp-content\/uploads\/2014\/04\/VN53-300x200.jpg 300w, https:\/\/www.villaserena.com\/vacationrentals\/wp-content\/uploads\/2014\/04\/VN53-1024x682.jpg 1024w, https:\/\/www.villaserena.com\/vacationrentals\/wp-content\/uploads\/2014\/04\/VN53.jpg 1600w\" sizes=\"auto, (max-width: 300px) 100vw, 300px\" \/><\/a>Dise\u00f1ada y edificada por la propietaria del <a href=\"http:\/\/www.villaserena.com\/\">Hotel Villa Serena<\/a>, la casa sirvi\u00f3 de su hogar durante muchos a\u00f1os. Villa Serena es un peque\u00f1o e \u00edntimo hotel de alta calidad mundialmente famoso entre los que buscan una vacaciones extraordinarias en medio de una naturaleza exuberante.<\/p>\n<p>La casa est\u00e1 bajo gerencia del Hotel Villa Serena y sus hu\u00e9spedes tienen acceso a todos los servicios del hotel (restaurante, piscina, centro de masajes, clases de yoga y zumba).<\/p>\n<p>Como hu\u00e9sped de Villa Natasha, Usted tendr\u00e1 a su disposici\u00f3n lo mejor de los dos mundos: la privacidad y la tranquilidad de una casa privada y el servicio completo de un hotel.<\/p>\n<p>Villa Natasha se encuentra a 60 metros del mar, su superficie es alrededor de 4,300 pies cuadrados (400 metros cuadrados) y todos los espacios tienen vista al mar. La rodean 4,000 metros cuadrados de jardines y grama, con hamacas y espacios para descanso y juego.<\/p>\n<p>Hay cinco dormitorios con terrazas y vista al mar; dos salas de comer y estar (dentro del edificio y en la terraza); un amplio gazebo con jacuzzi y gran espacio para ejercicio, meditaci\u00f3n, reuniones sociales o descanso; hamacas, mecedoras, y hasta un piano.<\/p>\n<p>La cocina est\u00e1 bien equipada. Si desea servicios de una cocinera, con gusto se lo organizamos contra un pago modesto.<\/p>\n<p>El ambiente de paz y tranquilidad que ofrece Villa Natasha le permitir\u00e1 relajarse completamente y descansar profundamente. Para los momentos de exploraci\u00f3n y aventura, en los alrededores encontrar\u00e1 muchas opciones: la piscina, la playa, kayaks, snorkeling, scuba diving, caminatas por las playas y monta\u00f1as a pie, a caballo, en bicicleta y en barco.<\/p>\n<h3>Espacios:<\/h3>\n<div style=\"float: left; width: 170px; background: #EDEDED; padding: 12px; border-top: 3px solid #79145E; margin-right: 15px;\">\n<p><strong><em><strong><em>Segundo piso<\/em><\/strong>:<\/em><\/strong><\/p>\n<p><strong>Dormitorio\u00a01<\/strong><\/p>\n<p>Cama matrimonial, ba\u00f1o completo con ba\u00f1era y ducha, dos abanicos, terraza con hamaca y chaise-longue<\/p>\n<p><strong><strong>Dormitorio\u00a0<\/strong>2<\/strong><\/p>\n<p>Cama matrimonial, ba\u00f1o completo con ba\u00f1era y ducha, abanico, terraza con mecedoras<\/p>\n<\/div>\n<div style=\"float: left; width: 355px; background: #EDEDED; padding: 12px; border-top: 3px solid #79145E;\">\n<p><strong><em>Primer piso:<\/em><\/strong><\/p>\n<p><strong><strong>Dormitorio\u00a0<\/strong>3<\/strong><\/p>\n<p>Cama matrimonial, ba\u00f1o completo con ducha, abanico<\/p>\n<p><strong><strong>Dormitorio\u00a0<\/strong>4 y\u00a05<\/strong><\/p>\n<p>4- Dos camas queen, abanico<\/p>\n<p>5- Una cama individual, abanico, comparten el ba\u00f1o completo con ba\u00f1era y ducha<\/p>\n<p><strong>Una cocina plenamente equipada<\/strong><\/p>\n<p>Salas de estar y comer, con abanicos<\/p>\n<p><strong>Terrazas<\/strong><\/p>\n<p><strong>Gazebo con jacuzzi<\/strong><\/div>\n<div class=\"clear\"><\/div>\n<div class=\"house_features\">\n<h3>Comodidades y servicios<\/h3>\n<ul>\n<li>Electricidad 110V<\/li>\n<li>Abanicos<\/li>\n<li>Internet Wi-Fi<\/li>\n<li>Cunas y camas para beb\u00e9s<\/li>\n<li>Camas adicionales (a solicitud)<\/li>\n<li>Art\u00edculos de tocador<\/li>\n<li>Ropa de cama y toallas<\/li>\n<li>Secadores de pelo<\/li>\n<li>Piano<\/li>\n<li>Biblioteca en varios idiomas<\/li>\n<li>Juegos de sociedad<\/li>\n<li>Tel\u00e9fono (l\u00ednea directa a la recepci\u00f3n del hotel)<\/li>\n<\/ul>\n<p><strong>El jard\u00edn y los alrededores<\/strong><\/p>\n<ul>\n<li>Amplio jard\u00edn con grama, palmas de coco y hamacas<\/li>\n<li>Muebles de terraza<\/li>\n<li>Gazebo<\/li>\n<li>Jacuzzi<\/li>\n<li>Equipos de snorkeling<\/li>\n<li>Bicicletas<\/li>\n<li>Kayaks<\/li>\n<li>Parqueo<\/li>\n<li>Propiedad vigilada<\/li>\n<\/ul>\n<p><strong>Ubicaci\u00f3n<\/strong><\/p>\n<ul>\n<li>3 minutos a pie hasta el restaurante y la piscina del Hotel Villa Serena<\/li>\n<li style=\"width: 335px;\">10 minutos a pie hasta:<span style=\"margin-left: 30px;\">el centro del pueblo de Las Galeras, farmacia y mercados y supermercados<\/span><\/li>\n<\/ul>\n<p><strong>Playas<\/strong><\/p>\n<ul>\n<li>acceso a la playa del Hotel (a 3 minutos a pie)<\/li>\n<li>5 minutos a pie a La Playita<\/li>\n<li>5 minutos a pie a la playa de Las Galeras<\/li>\n<\/ul>\n<h3>Normas de uso<\/h3>\n<ul>\n<li>Se aceptan ni\u00f1os y mascotas<\/li>\n<li>No se permite fumar dentro de la villa<\/li>\n<li>Se aceptan y organizan bodas y otros eventos sociales<\/li>\n<\/ul>\n<\/div>\n<p><\/p>","protected":false},"excerpt":{"rendered":"<p>\u00bfEst\u00e1 buscando una casa elegante, amplia y acogedora frente al mar, con jardines tropicales, en medio de una naturaleza virgen? \u00a1Acaba de encontrarla! Villa Natasha se encuentra en la misma orilla de la maravillosa Bah\u00eda de Rinc\u00f3n, en la pen\u00ednsula&#8230; <a class=\"read-more\" href=\"https:\/\/villaserena.com\/vacationrentals\/?page_id=2&#038;lang=es\">Read More<\/a><\/p>\n","protected":false},"author":1,"featured_media":0,"parent":0,"menu_order":0,"comment_status":"open","ping_status":"open","template":"","meta":{"footnotes":""},"class_list":["post-2","page","type-page","status-publish","hentry"],"_links":{"self":[{"href":"https:\/\/villaserena.com\/vacationrentals\/index.php?rest_route=\/wp\/v2\/pages\/2","targetHints":{"allow":["GET"]}}],"collection":[{"href":"https:\/\/villaserena.com\/vacationrentals\/index.php?rest_route=\/wp\/v2\/pages"}],"about":[{"href":"https:\/\/villaserena.com\/vacationrentals\/index.php?rest_route=\/wp\/v2\/types\/page"}],"author":[{"embeddable":true,"href":"https:\/\/villaserena.com\/vacationrentals\/index.php?rest_route=\/wp\/v2\/users\/1"}],"replies":[{"embeddable":true,"href":"https:\/\/villaserena.com\/vacationrentals\/index.php?rest_route=%2Fwp%2Fv2%2Fcomments&post=2"}],"version-history":[{"count":55,"href":"https:\/\/villaserena.com\/vacationrentals\/index.php?rest_route=\/wp\/v2\/pages\/2\/revisions"}],"predecessor-version":[{"id":683,"href":"https:\/\/villaserena.com\/vacationrentals\/index.php?rest_route=\/wp\/v2\/pages\/2\/revisions\/683"}],"wp:attachment":[{"href":"https:\/\/villaserena.com\/vacationrentals\/index.php?rest_route=%2Fwp%2Fv2%2Fmedia&parent=2"}],"curies":[{"name":"wp","href":"https:\/\/api.w.org\/{rel}","templated":true}]}}